{"id":21,"date":"2022-02-02T11:03:46","date_gmt":"2022-02-02T11:03:46","guid":{"rendered":"https:\/\/fartherthanhome.com\/?page_id=21"},"modified":"2022-03-23T05:58:18","modified_gmt":"2022-03-23T05:58:18","slug":"about-us","status":"publish","type":"page","link":"https:\/\/fartherthanhome.com\/br\/about-us\/","title":{"rendered":"Sobre N\u00f3s"},"content":{"rendered":"<blockquote><p><strong>Farther Than Home -Viajar \u00e9 a melhor maneira de passar o seu tempo livre.<\/strong><\/p><\/blockquote>\n<p>Em termos de viagem, h\u00e1 muitas coisas e perguntas que sempre pensamos antes de planejar uma. Se voc\u00ea est\u00e1 planejando fazer uma viagem, voc\u00ea est\u00e1 no lugar certo para come\u00e7ar. <a href=\"https:\/\/fartherthanhome.com\/\"><strong>Farther Than Hom<\/strong><\/a>e \u00e9 um site de blog de <em><strong>viagen<\/strong><\/em>s e <em><strong>f\u00e9rias<\/strong><\/em> repleto de ideias de itiner\u00e1rios, dicas e recomenda\u00e7\u00f5es para \u00f3timos destinos que voc\u00ea com certeza vai adorar ir sozinho ou com algu\u00e9m.<\/p>\n<p>O objetivo do <a href=\"https:\/\/fartherthanhome.com\/\"><strong>Farther Than Home<\/strong><\/a> \u00e9 fornecer a cada viajante (novato ou especialista) informa\u00e7\u00f5es detalhadas e \u00fateis enquanto voc\u00ea viaja em qualquer lugar do mundo. Queremos compartilhar um estilo de viagem eloquente que pode se adequar ao seu or\u00e7amento e capacidades de viagem. De destinos luxuosos ou aventureiros, n\u00e3o se preocupe, n\u00f3s lhe daremos informa\u00e7\u00f5es sobre quando ou como fazer para que voc\u00ea possa evitar problemas enquanto desfruta da viagem da sua vida.<\/p>\n<p>O blog <a href=\"https:\/\/fartherthanhome.com\/\"><em>FartherThanHome.com<\/em><\/a> apresentar\u00e1 <em><strong>destinos de viagem<\/strong><\/em> e <em><strong>f\u00e9rias<\/strong><\/em>, incluindo dicas e ideias para que voc\u00ea possa maximizar sua experi\u00eancia de fuga na cidade sem nenhum problema.<\/p>\n","protected":false},"excerpt":{"rendered":"<p>Farther Than Home -Viajar \u00e9 a melhor maneira de passar o seu tempo livre. Em termos de viagem, h\u00e1 muitas coisas e perguntas que sempre pensamos antes de planejar uma.&hellip;<\/p>\n","protected":false},"author":1,"featured_media":0,"parent":0,"menu_order":0,"comment_status":"closed","ping_status":"closed","template":"","meta":{"footnotes":""},"class_list":["post-21","page","type-page","status-publish"],"_links":{"self":[{"href":"https:\/\/fartherthanhome.com\/br\/wp-json\/wp\/v2\/pages\/21","targetHints":{"allow":["GET"]}}],"collection":[{"href":"https:\/\/fartherthanhome.com\/br\/wp-json\/wp\/v2\/pages"}],"about":[{"href":"https:\/\/fartherthanhome.com\/br\/wp-json\/wp\/v2\/types\/page"}],"author":[{"embeddable":true,"href":"https:\/\/fartherthanhome.com\/br\/wp-json\/wp\/v2\/users\/1"}],"replies":[{"embeddable":true,"href":"https:\/\/fartherthanhome.com\/br\/wp-json\/wp\/v2\/comments?post=21"}],"version-history":[{"count":2,"href":"https:\/\/fartherthanhome.com\/br\/wp-json\/wp\/v2\/pages\/21\/revisions"}],"predecessor-version":[{"id":554,"href":"https:\/\/fartherthanhome.com\/br\/wp-json\/wp\/v2\/pages\/21\/revisions\/554"}],"wp:attachment":[{"href":"https:\/\/fartherthanhome.com\/br\/wp-json\/wp\/v2\/media?parent=21"}],"curies":[{"name":"wp","href":"https:\/\/api.w.org\/{rel}","templated":true}]}}