{"id":21,"date":"2022-02-02T11:03:46","date_gmt":"2022-02-02T11:03:46","guid":{"rendered":"https:\/\/fartherthanhome.com\/?page_id=21"},"modified":"2022-03-23T06:12:34","modified_gmt":"2022-03-23T06:12:34","slug":"about-us","status":"publish","type":"page","link":"https:\/\/fartherthanhome.com\/es\/about-us\/","title":{"rendered":"Sobre Nosotros"},"content":{"rendered":"<blockquote>\n<p style=\"text-align: center;\"><strong>Farther Than Home &#8211; Viajar es la mejor forma de pasar el tiempo libre.<\/strong><\/p>\n<\/blockquote>\n<p>En t\u00e9rminos de viajar, hay muchas cosas y preguntas en las que siempre pensamos antes de planear uno. Si est\u00e1 planeando hacer un viaje, est\u00e1 en el lugar correcto para comenzar. <a href=\"https:\/\/fartherthanhome.com\/\"><strong>Farther Than Home<\/strong><\/a> es un sitio web de blogs de <em><strong>viajes<\/strong><\/em> y <em><strong>vacaciones<\/strong><\/em> repleto de ideas de itinerarios, consejos y recomendaciones para grandes destinos a los que seguramente le encantar\u00e1 ir solo o con alguien.<\/p>\n<p>Los objetivos de <a href=\"https:\/\/fartherthanhome.com\/\"><strong>Farther Than Home<\/strong><\/a> son proporcionar a cada viajero (novato o experto) informaci\u00f3n detallada y \u00fatil mientras viaja por cualquier lugar del mundo. Queremos compartir un estilo de viaje elocuente que puede adaptarse a su presupuesto y capacidades de viaje. Desde destinos lujosos o aventureros, no se preocupe, le daremos informaci\u00f3n sobre cu\u00e1ndo o c\u00f3mo hacerlo para que pueda evitar molestias mientras disfruta del viaje de su vida.<\/p>\n<p>El blog <a href=\"https:\/\/fartherthanhome.com\/\"><em>FartherThanHome.com<\/em><\/a> presentar\u00e1 <em><strong>destinos de viajes<\/strong><\/em> y <em><strong>vacaciones<\/strong><\/em>, incluidos consejos e ideas para que pueda maximizar su experiencia de escape de la ciudad sin problemas ni cambios.<\/p>\n","protected":false},"excerpt":{"rendered":"<p>Farther Than Home &#8211; Viajar es la mejor forma de pasar el tiempo libre. En t\u00e9rminos de viajar, hay muchas cosas y preguntas en las que siempre pensamos antes de&hellip;<\/p>\n","protected":false},"author":1,"featured_media":0,"parent":0,"menu_order":0,"comment_status":"closed","ping_status":"closed","template":"","meta":{"footnotes":""},"class_list":["post-21","page","type-page","status-publish"],"_links":{"self":[{"href":"https:\/\/fartherthanhome.com\/es\/wp-json\/wp\/v2\/pages\/21","targetHints":{"allow":["GET"]}}],"collection":[{"href":"https:\/\/fartherthanhome.com\/es\/wp-json\/wp\/v2\/pages"}],"about":[{"href":"https:\/\/fartherthanhome.com\/es\/wp-json\/wp\/v2\/types\/page"}],"author":[{"embeddable":true,"href":"https:\/\/fartherthanhome.com\/es\/wp-json\/wp\/v2\/users\/1"}],"replies":[{"embeddable":true,"href":"https:\/\/fartherthanhome.com\/es\/wp-json\/wp\/v2\/comments?post=21"}],"version-history":[{"count":3,"href":"https:\/\/fartherthanhome.com\/es\/wp-json\/wp\/v2\/pages\/21\/revisions"}],"predecessor-version":[{"id":379,"href":"https:\/\/fartherthanhome.com\/es\/wp-json\/wp\/v2\/pages\/21\/revisions\/379"}],"wp:attachment":[{"href":"https:\/\/fartherthanhome.com\/es\/wp-json\/wp\/v2\/media?parent=21"}],"curies":[{"name":"wp","href":"https:\/\/api.w.org\/{rel}","templated":true}]}}