{"id":21,"date":"2022-02-02T11:03:46","date_gmt":"2022-02-02T11:03:46","guid":{"rendered":"https:\/\/fartherthanhome.com\/?page_id=21"},"modified":"2022-03-23T06:01:43","modified_gmt":"2022-03-23T06:01:43","slug":"about-us","status":"publish","type":"page","link":"https:\/\/fartherthanhome.com\/fr\/about-us\/","title":{"rendered":"\u00c0 Propos de Nous"},"content":{"rendered":"<blockquote><p><strong>Farther Than Home &#8211; Voyager est la meilleure fa\u00e7on de passer son temps libre.<\/strong><\/p><\/blockquote>\n<p>En termes de voyage, il y a beaucoup de choses et de questions auxquelles nous pensons toujours avant d&#8217;en planifier un. Si vous pr\u00e9voyez de partir en voyage, vous \u00eates au bon endroit pour commencer. <a href=\"https:\/\/fartherthanhome.com\/\"><strong>Farther Than Home<\/strong><\/a> est un site Web de blogs de <em><strong>voyage<\/strong><\/em> et de <em><strong>vacances<\/strong><\/em> rempli d&#8217;id\u00e9es d&#8217;itin\u00e9raires, de conseils et de recommandations pour de grandes destinations que vous aimerez s\u00fbrement aller avec vous-m\u00eame ou avec quelqu&#8217;un.<\/p>\n<p>Les objectifs de <a href=\"https:\/\/fartherthanhome.com\/\"><strong>Farther Than Home<\/strong><\/a> sont de fournir \u00e0 chaque voyageur (d\u00e9butant ou expert) des informations d\u00e9taill\u00e9es et utiles lorsque vous voyagez dans n&#8217;importe quel endroit du monde. Nous voulons partager un style de voyage \u00e9loquent qui peut convenir \u00e0 votre budget de voyage et \u00e0 vos capacit\u00e9s. Depuis des destinations luxueuses ou aventureuses, ne vous inqui\u00e9tez pas, nous vous donnerons des informations sur le moment et la mani\u00e8re de proc\u00e9der afin que vous puissiez \u00e9viter les tracas tout en profitant du voyage de votre vie.<\/p>\n<p>Le blog <a href=\"https:\/\/fartherthanhome.com\/\"><em>FartherThanHome.com<\/em><\/a> pr\u00e9sentera des <em><strong>destinations de voyage<\/strong><\/em> et <em><strong>de vacances<\/strong><\/em>, y compris des conseils et des id\u00e9es afin que vous puissiez maximiser votre exp\u00e9rience d&#8217;\u00e9vasion en ville sans bouger ni probl\u00e8me.<\/p>\n","protected":false},"excerpt":{"rendered":"<p>Farther Than Home &#8211; Voyager est la meilleure fa\u00e7on de passer son temps libre. En termes de voyage, il y a beaucoup de choses et de questions auxquelles nous pensons&hellip;<\/p>\n","protected":false},"author":1,"featured_media":0,"parent":0,"menu_order":0,"comment_status":"closed","ping_status":"closed","template":"","meta":{"footnotes":""},"class_list":["post-21","page","type-page","status-publish"],"_links":{"self":[{"href":"https:\/\/fartherthanhome.com\/fr\/wp-json\/wp\/v2\/pages\/21","targetHints":{"allow":["GET"]}}],"collection":[{"href":"https:\/\/fartherthanhome.com\/fr\/wp-json\/wp\/v2\/pages"}],"about":[{"href":"https:\/\/fartherthanhome.com\/fr\/wp-json\/wp\/v2\/types\/page"}],"author":[{"embeddable":true,"href":"https:\/\/fartherthanhome.com\/fr\/wp-json\/wp\/v2\/users\/1"}],"replies":[{"embeddable":true,"href":"https:\/\/fartherthanhome.com\/fr\/wp-json\/wp\/v2\/comments?post=21"}],"version-history":[{"count":3,"href":"https:\/\/fartherthanhome.com\/fr\/wp-json\/wp\/v2\/pages\/21\/revisions"}],"predecessor-version":[{"id":398,"href":"https:\/\/fartherthanhome.com\/fr\/wp-json\/wp\/v2\/pages\/21\/revisions\/398"}],"wp:attachment":[{"href":"https:\/\/fartherthanhome.com\/fr\/wp-json\/wp\/v2\/media?parent=21"}],"curies":[{"name":"wp","href":"https:\/\/api.w.org\/{rel}","templated":true}]}}