{"id":21,"date":"2022-02-02T11:03:46","date_gmt":"2022-02-02T11:03:46","guid":{"rendered":"https:\/\/fartherthanhome.com\/?page_id=21"},"modified":"2022-05-25T16:01:35","modified_gmt":"2022-05-25T16:01:35","slug":"about-us","status":"publish","type":"page","link":"https:\/\/fartherthanhome.com\/pl\/about-us\/","title":{"rendered":"O nas"},"content":{"rendered":"<blockquote><p><strong><span><span class=\"\">Dalej ni\u017c w domu \u2013 podr\u00f3\u017cowanie to najlepszy spos\u00f3b na sp\u0119dzenie wolnego czasu.<\/span><\/span><\/strong><\/p><\/blockquote>\n<p><span>Je\u015bli chodzi o podr\u00f3\u017cowanie, jest wiele rzeczy i pyta\u0144, o kt\u00f3rych zawsze my\u015blimy, zanim je zaplanujemy.\u00a0Je\u015bli planujesz wyjazd, jeste\u015b we w\u0142a\u015bciwym miejscu, aby zacz\u0105\u0107.\u00a0<\/span><a href=\"https:\/\/fartherthanhome.com\/\" rel=\"\"><strong><span>Farther Than Home<\/span><\/strong><\/a><span>\u00a0to blog o\u00a0<\/span><em><strong><span>podr\u00f3\u017cach<\/span><\/strong><\/em><span>\u00a0i\u00a0<\/span><em><strong><span>wakacjach<\/span><\/strong><\/em><span>\u00a0, wype\u0142niony pomys\u0142ami na trasy, wskaz\u00f3wkami i zaleceniami dotycz\u0105cymi wspania\u0142ych miejsc, w kt\u00f3rych z pewno\u015bci\u0105 pokochasz podr\u00f3\u017c ze sob\u0105 lub z kim\u015b.\u00a0\u00a0<\/span><\/p>\n<p><a href=\"https:\/\/fartherthanhome-com.translate.goog\/?_x_tr_sl=en&amp;_x_tr_tl=pl&amp;_x_tr_hl=en&amp;_x_tr_pto=wapp\" rel=\"\"><em><span><span class=\"goog-text-highlight\">Celem Farther Than Home<\/span><\/span><\/em><\/a><span><span class=\"goog-text-highlight\">\u00a0jest zapewnienie ka\u017cdemu podr\u00f3\u017cnikowi (pocz\u0105tkuj\u0105cemu lub ekspertowi) szczeg\u00f3\u0142owych i przydatnych informacji podczas podr\u00f3\u017cy w dowolne miejsca na \u015bwiecie.\u00a0<\/span>Chcemy podzieli\u0107 si\u0119 wymownym stylem podr\u00f3\u017cowania, kt\u00f3ry mo\u017ce odpowiada\u0107 Twojemu bud\u017cetowi i mo\u017cliwo\u015bciom podr\u00f3\u017cowania.\u00a0Od luksusowych lub pe\u0142nych przyg\u00f3d miejsc, nie martw si\u0119, udzielimy Ci wskaz\u00f3wek, kiedy i jak nale\u017cy, dzi\u0119ki czemu unikniesz k\u0142opot\u00f3w, ciesz\u0105c si\u0119 podr\u00f3\u017c\u0105 swojego \u017cycia.<\/span><\/p>\n<p><a href=\"https:\/\/fartherthanhome.com\/\" rel=\"\"><em><span>Blog FartherThanHome.com<\/span><\/em><\/a><span>\u00a0b\u0119dzie zawiera\u0142<\/span><em><strong><span>\u00a0miejsca podr\u00f3\u017cy<\/span><\/strong><\/em><span>\u00a0i<\/span><em><strong><span>\u00a0wakacji,<\/span><\/strong><\/em><span>\u00a0w tym wskaz\u00f3wki i pomys\u0142y, dzi\u0119ki kt\u00f3rym mo\u017cesz zmaksymalizowa\u0107 swoj\u0105 ucieczk\u0119 z miasta bez ruchu i problem\u00f3w.<\/span><\/p>\n","protected":false},"excerpt":{"rendered":"<p>Dalej ni\u017c w domu \u2013 podr\u00f3\u017cowanie to najlepszy spos\u00f3b na sp\u0119dzenie wolnego czasu. Je\u015bli chodzi o podr\u00f3\u017cowanie, jest wiele rzeczy i pyta\u0144, o kt\u00f3rych zawsze my\u015blimy, zanim je zaplanujemy.\u00a0Je\u015bli planujesz&hellip;<\/p>\n","protected":false},"author":1,"featured_media":0,"parent":0,"menu_order":0,"comment_status":"closed","ping_status":"closed","template":"","meta":{"footnotes":""},"class_list":["post-21","page","type-page","status-publish"],"_links":{"self":[{"href":"https:\/\/fartherthanhome.com\/pl\/wp-json\/wp\/v2\/pages\/21","targetHints":{"allow":["GET"]}}],"collection":[{"href":"https:\/\/fartherthanhome.com\/pl\/wp-json\/wp\/v2\/pages"}],"about":[{"href":"https:\/\/fartherthanhome.com\/pl\/wp-json\/wp\/v2\/types\/page"}],"author":[{"embeddable":true,"href":"https:\/\/fartherthanhome.com\/pl\/wp-json\/wp\/v2\/users\/1"}],"replies":[{"embeddable":true,"href":"https:\/\/fartherthanhome.com\/pl\/wp-json\/wp\/v2\/comments?post=21"}],"version-history":[{"count":1,"href":"https:\/\/fartherthanhome.com\/pl\/wp-json\/wp\/v2\/pages\/21\/revisions"}],"predecessor-version":[{"id":427,"href":"https:\/\/fartherthanhome.com\/pl\/wp-json\/wp\/v2\/pages\/21\/revisions\/427"}],"wp:attachment":[{"href":"https:\/\/fartherthanhome.com\/pl\/wp-json\/wp\/v2\/media?parent=21"}],"curies":[{"name":"wp","href":"https:\/\/api.w.org\/{rel}","templated":true}]}}