{"id":21,"date":"2022-02-02T11:03:46","date_gmt":"2022-02-02T11:03:46","guid":{"rendered":"https:\/\/fartherthanhome.com\/?page_id=21"},"modified":"2022-03-23T06:07:33","modified_gmt":"2022-03-23T06:07:33","slug":"about-us","status":"publish","type":"page","link":"https:\/\/fartherthanhome.com\/tr\/about-us\/","title":{"rendered":"Bizim Hakk\u0131m\u0131zda"},"content":{"rendered":"<blockquote><p><strong>Farther Than Home &#8211; Seyahat etmek, bo\u015f zaman\u0131n\u0131z\u0131 ge\u00e7irmenin en iyi yoludur.<\/strong><\/p><\/blockquote>\n<p>Seyahat a\u00e7\u0131s\u0131ndan, plan yapmadan \u00f6nce her zaman d\u00fc\u015f\u00fcnd\u00fc\u011f\u00fcm\u00fcz bir\u00e7ok \u015fey ve soru var. Bir seyahate \u00e7\u0131kmay\u0131 planl\u0131yorsan\u0131z, ba\u015flamak i\u00e7in do\u011fru yerdesiniz. <a href=\"https:\/\/fartherthanhome.com\/\"><strong>Farther Than Home<\/strong><\/a>, kendiniz veya birisiyle gitmeyi kesinlikle sevece\u011finiz harika destinasyonlar i\u00e7in g\u00fczergah fikirleri, ipu\u00e7lar\u0131 ve tavsiyelerle dolu bir <em><strong>seyahat<\/strong><\/em> ve <em><strong>tatil<\/strong><\/em> blog sitesidir.<\/p>\n<p><a href=\"https:\/\/fartherthanhome.com\/\"><strong>Farther Than Home<\/strong><\/a> hedefleri, d\u00fcnyan\u0131n herhangi bir yerinde seyahat ederken her gezgine (acemi veya uzman) derinlemesine ve faydal\u0131 bilgiler sa\u011flamakt\u0131r. Seyahat b\u00fct\u00e7enize ve yeteneklerinize uygun, anlaml\u0131 bir seyahat stilini payla\u015fmak istiyoruz. L\u00fcks veya maceral\u0131 destinasyonlardan endi\u015felenmeyin, hayat\u0131n\u0131z\u0131n seyahatinin tad\u0131n\u0131 \u00e7\u0131kar\u0131rken g\u00fc\u00e7l\u00fcklerden ka\u00e7\u0131nman\u0131z i\u00e7in ne zaman veya nas\u0131l yap\u0131laca\u011f\u0131 hakk\u0131nda size bilgi verece\u011fiz.<\/p>\n<p><a href=\"https:\/\/fartherthanhome.com\/\"><em>FartherThanHome.com<\/em><\/a> blogu, \u015fehirden ka\u00e7\u0131\u015f deneyiminizi bir b\u00fct\u00e7e veya sorun olmadan en \u00fcst d\u00fczeye \u00e7\u0131karabilmeniz i\u00e7in ipu\u00e7lar\u0131 ve fikirler i\u00e7eren <em><strong>seyahat<\/strong><\/em> ve <em><strong>tatil yerlerini<\/strong><\/em> i\u00e7erecek.<\/p>\n","protected":false},"excerpt":{"rendered":"<p>Farther Than Home &#8211; Seyahat etmek, bo\u015f zaman\u0131n\u0131z\u0131 ge\u00e7irmenin en iyi yoludur. Seyahat a\u00e7\u0131s\u0131ndan, plan yapmadan \u00f6nce her zaman d\u00fc\u015f\u00fcnd\u00fc\u011f\u00fcm\u00fcz bir\u00e7ok \u015fey ve soru var. Bir seyahate \u00e7\u0131kmay\u0131 planl\u0131yorsan\u0131z, ba\u015flamak&hellip;<\/p>\n","protected":false},"author":1,"featured_media":0,"parent":0,"menu_order":0,"comment_status":"closed","ping_status":"closed","template":"","meta":{"footnotes":""},"class_list":["post-21","page","type-page","status-publish"],"_links":{"self":[{"href":"https:\/\/fartherthanhome.com\/tr\/wp-json\/wp\/v2\/pages\/21","targetHints":{"allow":["GET"]}}],"collection":[{"href":"https:\/\/fartherthanhome.com\/tr\/wp-json\/wp\/v2\/pages"}],"about":[{"href":"https:\/\/fartherthanhome.com\/tr\/wp-json\/wp\/v2\/types\/page"}],"author":[{"embeddable":true,"href":"https:\/\/fartherthanhome.com\/tr\/wp-json\/wp\/v2\/users\/1"}],"replies":[{"embeddable":true,"href":"https:\/\/fartherthanhome.com\/tr\/wp-json\/wp\/v2\/comments?post=21"}],"version-history":[{"count":4,"href":"https:\/\/fartherthanhome.com\/tr\/wp-json\/wp\/v2\/pages\/21\/revisions"}],"predecessor-version":[{"id":383,"href":"https:\/\/fartherthanhome.com\/tr\/wp-json\/wp\/v2\/pages\/21\/revisions\/383"}],"wp:attachment":[{"href":"https:\/\/fartherthanhome.com\/tr\/wp-json\/wp\/v2\/media?parent=21"}],"curies":[{"name":"wp","href":"https:\/\/api.w.org\/{rel}","templated":true}]}}